{"id":516,"date":"2025-07-24T19:24:03","date_gmt":"2025-07-24T19:24:03","guid":{"rendered":"https:\/\/poljoprivreda.projects.mbndev.net\/product\/aut-culpa-magni-eos-omnis\/"},"modified":"2025-08-19T12:10:07","modified_gmt":"2025-08-19T12:10:07","slug":"jabuke-ajdared","status":"publish","type":"product","link":"https:\/\/poljoprivreda.projects.mbndev.net\/en\/product\/jabuke-ajdared\/","title":{"rendered":"Jabuke Ajdared"},"content":{"rendered":"<p>Ajdared &#8211; klasi\u010dna jesenja jabuka sa balansiranim ukusom. Hrskava, so\u010dna i dugotrajno sve\u017e\u0430 Ajdared &#8211; klasi\u010dna jesenja jabuka sa balansiranim ukusom. Hrskava, so\u010dna i dugotrajno sve\u017e\u0430<\/p>\n","protected":false},"excerpt":{"rendered":"<p>Ajdared &#8211; klasi\u010dna jesenja jabuka sa balansiranim ukusom.<br \/>\nHrskava, so\u010dna i dugotrajno sve\u017e\u0430<\/p>\n","protected":false},"featured_media":1038,"comment_status":"open","ping_status":"closed","template":"","meta":{"_acf_changed":false,"inline_featured_image":false},"product_brand":[],"product_cat":[34],"product_tag":[],"class_list":{"0":"post-516","1":"product","2":"type-product","3":"status-publish","4":"has-post-thumbnail","6":"product_cat-med","8":"first","9":"instock","10":"shipping-taxable","11":"purchasable","12":"product-type-variable"},"acf":[],"_links":{"self":[{"href":"https:\/\/poljoprivreda.projects.mbndev.net\/en\/wp-json\/wp\/v2\/product\/516","targetHints":{"allow":["GET"]}}],"collection":[{"href":"https:\/\/poljoprivreda.projects.mbndev.net\/en\/wp-json\/wp\/v2\/product"}],"about":[{"href":"https:\/\/poljoprivreda.projects.mbndev.net\/en\/wp-json\/wp\/v2\/types\/product"}],"replies":[{"embeddable":true,"href":"https:\/\/poljoprivreda.projects.mbndev.net\/en\/wp-json\/wp\/v2\/comments?post=516"}],"wp:featuredmedia":[{"embeddable":true,"href":"https:\/\/poljoprivreda.projects.mbndev.net\/en\/wp-json\/wp\/v2\/media\/1038"}],"wp:attachment":[{"href":"https:\/\/poljoprivreda.projects.mbndev.net\/en\/wp-json\/wp\/v2\/media?parent=516"}],"wp:term":[{"taxonomy":"product_brand","embeddable":true,"href":"https:\/\/poljoprivreda.projects.mbndev.net\/en\/wp-json\/wp\/v2\/product_brand?post=516"},{"taxonomy":"product_cat","embeddable":true,"href":"https:\/\/poljoprivreda.projects.mbndev.net\/en\/wp-json\/wp\/v2\/product_cat?post=516"},{"taxonomy":"product_tag","embeddable":true,"href":"https:\/\/poljoprivreda.projects.mbndev.net\/en\/wp-json\/wp\/v2\/product_tag?post=516"}],"curies":[{"name":"wp","href":"https:\/\/api.w.org\/{rel}","templated":true}]}}