{"id":513,"date":"2025-07-24T09:09:36","date_gmt":"2025-07-24T09:09:36","guid":{"rendered":"https:\/\/poljoprivreda.projects.mbndev.net\/product\/culpa-saepe-dolorum-qui\/"},"modified":"2025-08-19T12:16:49","modified_gmt":"2025-08-19T12:16:49","slug":"bagremov-med","status":"publish","type":"product","link":"https:\/\/poljoprivreda.projects.mbndev.net\/en\/product\/bagremov-med\/","title":{"rendered":"Bagremov Med"},"content":{"rendered":"<p>Ajdared &#8211; klasi\u010dna jesenja jabuka sa balansiranim ukusom. Hrskava, so\u010dna i dugotrajno sve\u017e\u0430 Ajdared &#8211; klasi\u010dna jesenja jabuka sa balansiranim ukusom. Hrskava, so\u010dna i dugotrajno sve\u017e\u0430<\/p>\n","protected":false},"excerpt":{"rendered":"<p>Aut excepturi debitis.<\/p>\n<p>Facilis impedit inventore.<\/p>\n","protected":false},"featured_media":1047,"comment_status":"open","ping_status":"closed","template":"","meta":{"_acf_changed":false,"inline_featured_image":false},"product_brand":[],"product_cat":[34],"product_tag":[],"class_list":{"0":"post-513","1":"product","2":"type-product","3":"status-publish","4":"has-post-thumbnail","6":"product_cat-med","8":"first","9":"instock","10":"sale","11":"shipping-taxable","12":"purchasable","13":"product-type-simple"},"acf":[],"_links":{"self":[{"href":"https:\/\/poljoprivreda.projects.mbndev.net\/en\/wp-json\/wp\/v2\/product\/513","targetHints":{"allow":["GET"]}}],"collection":[{"href":"https:\/\/poljoprivreda.projects.mbndev.net\/en\/wp-json\/wp\/v2\/product"}],"about":[{"href":"https:\/\/poljoprivreda.projects.mbndev.net\/en\/wp-json\/wp\/v2\/types\/product"}],"replies":[{"embeddable":true,"href":"https:\/\/poljoprivreda.projects.mbndev.net\/en\/wp-json\/wp\/v2\/comments?post=513"}],"wp:featuredmedia":[{"embeddable":true,"href":"https:\/\/poljoprivreda.projects.mbndev.net\/en\/wp-json\/wp\/v2\/media\/1047"}],"wp:attachment":[{"href":"https:\/\/poljoprivreda.projects.mbndev.net\/en\/wp-json\/wp\/v2\/media?parent=513"}],"wp:term":[{"taxonomy":"product_brand","embeddable":true,"href":"https:\/\/poljoprivreda.projects.mbndev.net\/en\/wp-json\/wp\/v2\/product_brand?post=513"},{"taxonomy":"product_cat","embeddable":true,"href":"https:\/\/poljoprivreda.projects.mbndev.net\/en\/wp-json\/wp\/v2\/product_cat?post=513"},{"taxonomy":"product_tag","embeddable":true,"href":"https:\/\/poljoprivreda.projects.mbndev.net\/en\/wp-json\/wp\/v2\/product_tag?post=513"}],"curies":[{"name":"wp","href":"https:\/\/api.w.org\/{rel}","templated":true}]}}