{"id":506,"date":"2025-07-24T23:30:59","date_gmt":"2025-07-24T23:30:59","guid":{"rendered":"https:\/\/poljoprivreda.projects.mbndev.net\/product\/odit-voluptate-magni-sunt-alias-eum-fugit\/"},"modified":"2025-08-19T15:24:54","modified_gmt":"2025-08-19T15:24:54","slug":"sljive","status":"publish","type":"product","link":"https:\/\/poljoprivreda.projects.mbndev.net\/en\/product\/sljive\/","title":{"rendered":"\u0160ljive"},"content":{"rendered":"<p>Ajdared &#8211; klasi\u010dna jesenja jabuka sa balansiranim ukusom. Hrskava, so\u010dna i dugotrajno sve\u017e\u0430 Ajdared &#8211; klasi\u010dna jesenja jabuka sa balansiranim ukusom. Hrskava, so\u010dna i dugotrajno sve\u017e\u0430<\/p>\n","protected":false},"excerpt":{"rendered":"<p>Ajdared &#8211; klasi\u010dna jesenja jabuka sa balansiranim ukusom.<br \/>\nHrskava, so\u010dna i dugotrajno sve\u017e\u0430<\/p>\n","protected":false},"featured_media":1051,"comment_status":"open","ping_status":"closed","template":"","meta":{"_acf_changed":false,"inline_featured_image":false},"product_brand":[],"product_cat":[34],"product_tag":[],"class_list":{"0":"post-506","1":"product","2":"type-product","3":"status-publish","4":"has-post-thumbnail","6":"product_cat-med","8":"first","9":"instock","10":"shipping-taxable","11":"purchasable","12":"product-type-simple"},"acf":[],"_links":{"self":[{"href":"https:\/\/poljoprivreda.projects.mbndev.net\/en\/wp-json\/wp\/v2\/product\/506","targetHints":{"allow":["GET"]}}],"collection":[{"href":"https:\/\/poljoprivreda.projects.mbndev.net\/en\/wp-json\/wp\/v2\/product"}],"about":[{"href":"https:\/\/poljoprivreda.projects.mbndev.net\/en\/wp-json\/wp\/v2\/types\/product"}],"replies":[{"embeddable":true,"href":"https:\/\/poljoprivreda.projects.mbndev.net\/en\/wp-json\/wp\/v2\/comments?post=506"}],"wp:featuredmedia":[{"embeddable":true,"href":"https:\/\/poljoprivreda.projects.mbndev.net\/en\/wp-json\/wp\/v2\/media\/1051"}],"wp:attachment":[{"href":"https:\/\/poljoprivreda.projects.mbndev.net\/en\/wp-json\/wp\/v2\/media?parent=506"}],"wp:term":[{"taxonomy":"product_brand","embeddable":true,"href":"https:\/\/poljoprivreda.projects.mbndev.net\/en\/wp-json\/wp\/v2\/product_brand?post=506"},{"taxonomy":"product_cat","embeddable":true,"href":"https:\/\/poljoprivreda.projects.mbndev.net\/en\/wp-json\/wp\/v2\/product_cat?post=506"},{"taxonomy":"product_tag","embeddable":true,"href":"https:\/\/poljoprivreda.projects.mbndev.net\/en\/wp-json\/wp\/v2\/product_tag?post=506"}],"curies":[{"name":"wp","href":"https:\/\/api.w.org\/{rel}","templated":true}]}}