{"id":1045,"date":"2025-08-19T12:13:42","date_gmt":"2025-08-19T12:13:42","guid":{"rendered":"https:\/\/poljoprivreda.projects.mbndev.net\/?post_type=product&#038;p=1045"},"modified":"2025-08-19T12:13:53","modified_gmt":"2025-08-19T12:13:53","slug":"sumski-med","status":"publish","type":"product","link":"https:\/\/poljoprivreda.projects.mbndev.net\/en\/product\/sumski-med\/","title":{"rendered":"Sumski Med"},"content":{"rendered":"<p>Ajdared &#8211; klasi\u010dna jesenja jabuka sa balansiranim ukusom. Hrskava, so\u010dna i dugotrajno sve\u017e\u0430 Ajdared &#8211; klasi\u010dna jesenja jabuka sa balansiranim ukusom. Hrskava, so\u010dna i dugotrajno sve\u017e\u0430<\/p>\n","protected":false},"excerpt":{"rendered":"<p>Ajdared &#8211; klasi\u010dna jesenja jabuka sa balansiranim ukusom.<br \/>\nHrskava, so\u010dna i dugotrajno sve\u017e\u0430<\/p>\n","protected":false},"featured_media":1049,"comment_status":"open","ping_status":"closed","template":"","meta":{"_acf_changed":false,"inline_featured_image":false},"product_brand":[],"product_cat":[33],"product_tag":[],"class_list":{"0":"post-1045","1":"product","2":"type-product","3":"status-publish","4":"has-post-thumbnail","6":"product_cat-uncategorized","8":"first","9":"instock","10":"shipping-taxable","11":"purchasable","12":"product-type-simple"},"acf":[],"_links":{"self":[{"href":"https:\/\/poljoprivreda.projects.mbndev.net\/en\/wp-json\/wp\/v2\/product\/1045","targetHints":{"allow":["GET"]}}],"collection":[{"href":"https:\/\/poljoprivreda.projects.mbndev.net\/en\/wp-json\/wp\/v2\/product"}],"about":[{"href":"https:\/\/poljoprivreda.projects.mbndev.net\/en\/wp-json\/wp\/v2\/types\/product"}],"replies":[{"embeddable":true,"href":"https:\/\/poljoprivreda.projects.mbndev.net\/en\/wp-json\/wp\/v2\/comments?post=1045"}],"wp:featuredmedia":[{"embeddable":true,"href":"https:\/\/poljoprivreda.projects.mbndev.net\/en\/wp-json\/wp\/v2\/media\/1049"}],"wp:attachment":[{"href":"https:\/\/poljoprivreda.projects.mbndev.net\/en\/wp-json\/wp\/v2\/media?parent=1045"}],"wp:term":[{"taxonomy":"product_brand","embeddable":true,"href":"https:\/\/poljoprivreda.projects.mbndev.net\/en\/wp-json\/wp\/v2\/product_brand?post=1045"},{"taxonomy":"product_cat","embeddable":true,"href":"https:\/\/poljoprivreda.projects.mbndev.net\/en\/wp-json\/wp\/v2\/product_cat?post=1045"},{"taxonomy":"product_tag","embeddable":true,"href":"https:\/\/poljoprivreda.projects.mbndev.net\/en\/wp-json\/wp\/v2\/product_tag?post=1045"}],"curies":[{"name":"wp","href":"https:\/\/api.w.org\/{rel}","templated":true}]}}